{"id":3296,"date":"2022-05-19T06:48:18","date_gmt":"2022-05-19T06:48:18","guid":{"rendered":"https:\/\/tackshs.eu\/?page_id=3296"},"modified":"2022-05-19T06:48:18","modified_gmt":"2022-05-19T06:48:18","slug":"antecedentes-y-objetivos","status":"publish","type":"page","link":"https:\/\/tackshs.eu\/index.php\/antecedentes-y-objetivos\/","title":{"rendered":"Antecedentes y objetivos"},"content":{"rendered":"\n<p><strong>Antecedentes<\/strong><\/p>\n\n\n\n<p>La exposici\u00f3n al humo ambiental del tabaco (HAT o&nbsp;<em>Second-hand smoke<\/em>,&nbsp;<em>SHS<\/em>&nbsp;en ingl\u00e9s) ha sido clasificada como un \u201cCarcin\u00f3geno de grupo 1\u201d (un carcin\u00f3geno humano conocido) por la Agencia Internacional de Investigaci\u00f3n sobre el C\u00e1ncer (IARC) y se ha demostrado que tiene efectos adversos para la salud en adultos y ni\u00f1os, incluyendo enfermedades del coraz\u00f3n y trastornos respiratorios. Los cigarrillos electr\u00f3nicos (<em>e-cigarettes&nbsp;<\/em>en ingl\u00e9s), el sistema m\u00e1s com\u00fan de liberaci\u00f3n de \u201cnicotina electr\u00f3nica\u201d, han irrumpido en el mercado con un aumento considerable del volumen de ventas en toda la UE en los \u00faltimos 5 a\u00f1os.<\/p>\n\n\n\n<p><strong>Objetivos<\/strong><\/p>\n\n\n\n<p>El proyecto TackSHS intentar\u00e1 elucidar el impacto integral que tienen el HAT y las emisiones de los cigarrillos electr\u00f3nicos sobre la salud respiratoria de la poblaci\u00f3n europea y c\u00f3mo los impactos sobre la salud var\u00edan seg\u00fan par\u00e1metros socio-econ\u00f3micos, con especial \u00e9nfasis en grupos vulnerables espec\u00edficos (pacientes que sufren de preexistentes enfermedades pulmonares cr\u00f3nicas, fumadores y otros grupos desfavorecidos).<\/p>\n\n\n\n<p><strong>Metodolog\u00eda<\/strong><\/p>\n\n\n\n<p>Por medio de una serie integrada de paquetes de trabajo, investigaremos los determinantes de la exposici\u00f3n al HAT, a nivel individual y en el ambiente (encuesta paneuropea y evaluaci\u00f3n del HAT en 12 pa\u00edses), la carga total de enfermedad causada (enfermedades pulmonares y cardiovasculares), incluyendo cambios de la salud respiratoria en pacientes y personas sanas, el impacto econ\u00f3mico de la mortalidad y morbilidad causadas por estas exposiciones, los m\u00e9todos para caracterizar estas exposiciones y nuevas intervenciones para reducirlas.<\/p>\n\n\n\n<p><strong>Impacto<\/strong><\/p>\n\n\n\n<p>Este enfoque integral e integrado permitir\u00e1 un cambio significativo m\u00e1s all\u00e1 del estado del conocimiento actual en la comprensi\u00f3n de la exposici\u00f3n al HAT y de las emisiones de los cigarrillos electr\u00f3nicos. Los socios del proyecto han estado en la vanguardia de la investigaci\u00f3n avanzada en esta disciplina, con cierta colaboraci\u00f3n entre ellos en proyectos espec\u00edficos.<\/p>\n\n\n\n<p>El proyecto TackSHS re\u00fane por primera vez todos estos equipos de investigaci\u00f3n de primera l\u00ednea, y la conjunci\u00f3n de los paquetes de trabajo se traducir\u00e1 en un paso adelante para hacer frente a la exposici\u00f3n al HAT y las emisiones de los cigarrillos electr\u00f3nicos.<\/p>\n","protected":false},"excerpt":{"rendered":"<p>Antecedentes La exposici\u00f3n al humo ambiental del tabaco (HAT o&nbsp;Second-hand smoke,&nbsp;SHS&nbsp;en ingl\u00e9s) ha sido clasificada como un \u201cCarcin\u00f3geno de grupo 1\u201d (un carcin\u00f3geno humano conocido) por la Agencia Internacional de Investigaci\u00f3n sobre el C\u00e1ncer (IARC) y se ha demostrado que tiene efectos adversos para la salud en adultos y ni\u00f1os, incluyendo enfermedades del coraz\u00f3n y &#8230;<\/p>\n","protected":false},"author":3,"featured_media":0,"parent":0,"menu_order":0,"comment_status":"closed","ping_status":"closed","template":"","meta":{"footnotes":""},"class_list":["post-3296","page","type-page","status-publish","hentry"],"_links":{"self":[{"href":"https:\/\/tackshs.eu\/index.php\/wp-json\/wp\/v2\/pages\/3296","targetHints":{"allow":["GET"]}}],"collection":[{"href":"https:\/\/tackshs.eu\/index.php\/wp-json\/wp\/v2\/pages"}],"about":[{"href":"https:\/\/tackshs.eu\/index.php\/wp-json\/wp\/v2\/types\/page"}],"author":[{"embeddable":true,"href":"https:\/\/tackshs.eu\/index.php\/wp-json\/wp\/v2\/users\/3"}],"replies":[{"embeddable":true,"href":"https:\/\/tackshs.eu\/index.php\/wp-json\/wp\/v2\/comments?post=3296"}],"version-history":[{"count":1,"href":"https:\/\/tackshs.eu\/index.php\/wp-json\/wp\/v2\/pages\/3296\/revisions"}],"predecessor-version":[{"id":3297,"href":"https:\/\/tackshs.eu\/index.php\/wp-json\/wp\/v2\/pages\/3296\/revisions\/3297"}],"wp:attachment":[{"href":"https:\/\/tackshs.eu\/index.php\/wp-json\/wp\/v2\/media?parent=3296"}],"curies":[{"name":"wp","href":"https:\/\/api.w.org\/{rel}","templated":true}]}}