{"id":3299,"date":"2022-05-19T06:49:42","date_gmt":"2022-05-19T06:49:42","guid":{"rendered":"https:\/\/tackshs.eu\/?page_id=3299"},"modified":"2022-05-19T06:51:33","modified_gmt":"2022-05-19T06:51:33","slug":"buts-et-objectifs","status":"publish","type":"page","link":"https:\/\/tackshs.eu\/index.php\/buts-et-objectifs\/","title":{"rendered":"Buts et Objectifs"},"content":{"rendered":"\n<p>L\u2019exposition \u00e0 la fum\u00e9e de tabac dans l\u2019environnement (tabagisme passif) est consid\u00e9r\u00e9e comme canc\u00e9rog\u00e8ne par le Centre international de Recherche sur le Cancer qui l\u2019a class\u00e9 dans le \u201cgroupe 1\u201d des canc\u00e9rog\u00e8nes av\u00e9r\u00e9s pour l\u2019homme.<\/p>\n\n\n\n<p>Il a \u00e9galement \u00e9t\u00e9 d\u00e9montr\u00e9 qu\u2019elle avait des effets n\u00e9fastes sur la sant\u00e9 des adultes et des enfants, y compris en ce qui concerne les maladies cardiaques et les troubles respiratoires. Les cigarettes \u00e9lectroniques (e-cigarettes), les inhalateurs \u00e9lectroniques de nicotine les plus courants, ont fait irruption ces 5 derni\u00e8res ann\u00e9es, avec des volumes de ventes qui ont augment\u00e9 consid\u00e9rablement dans l\u2019Union europ\u00e9enne.<\/p>\n\n\n\n<p>Le projet TackSHS va tenter de mettre en lumi\u00e8re l\u2019impact global que le tabagisme passif et les \u00e9missions de cigarettes \u00e9lectroniques ont sur la sant\u00e9 respiratoire de la population europ\u00e9enne et la fa\u00e7on dont les impacts sur la sant\u00e9 varient en fonction des param\u00e8tres socio-\u00e9conomiques, en mettant l\u2019accent sur les groupes vuln\u00e9rables sp\u00e9cifiques (les patients souffrant de maladies pulmonaires chroniques pr\u00e9existantes, les grands fumeurs, et d\u2019autres groupes particuli\u00e8rement touch\u00e9s).<\/p>\n\n\n\n<p>Au moyen d\u2019une s\u00e9rie de modules de travail int\u00e9gr\u00e9s, nous allons \u00e9tudier les caract\u00e9ristiques d\u00e9terminantes de l\u2019exposition au tabagisme passif, \u00e9valu\u00e9e au niveau individuel et dans l\u2019environnement (enqu\u00eate et \u00e9valuation de la qualit\u00e9 de l\u2019air dans 12 pays)&nbsp;; la charge globale de la maladie provoqu\u00e9e (maladies pulmonaires et cardiovasculaires), y compris les changements qui ont trait \u00e0 la sant\u00e9 respiratoire des patients et des personnes saines&nbsp;; l\u2019impact \u00e9conomique de la mortalit\u00e9 et de la morbidit\u00e9 dues \u00e0 ces expositions&nbsp;; les m\u00e9thodes pour mieux caract\u00e9riser ces expositions et de nouvelles interventions visant \u00e0 les r\u00e9duire.<\/p>\n\n\n\n<p>Cette approche globale et int\u00e9gr\u00e9e permettra un changement important qui ira au-del\u00e0 de l\u2019\u00e9tat de l\u2019art actuel de la compr\u00e9hension du tabagisme passif et de l\u2019exposition aux \u00e9missions de cigarettes \u00e9lectroniques. Les partenaires ont \u00e9t\u00e9 \u00e0 l\u2019avant-garde de la recherche de pointe dans cette discipline, avec leur collaboration pr\u00e9alable dans d\u2019autres projets.<\/p>\n\n\n\n<p>Le projet TackSHS mettra en place, pour la premi\u00e8re fois, une collaboration entre toutes ces \u00e9quipes de recherche de pointe. La conjonction des modules de travail se traduira par un pas en avant dans la lutte contre l\u2019exposition au tabagisme passif et aux \u00e9missions de cigarettes \u00e9lectroniques.<\/p>\n","protected":false},"excerpt":{"rendered":"<p>L\u2019exposition \u00e0 la fum\u00e9e de tabac dans l\u2019environnement (tabagisme passif) est consid\u00e9r\u00e9e comme canc\u00e9rog\u00e8ne par le Centre international de Recherche sur le Cancer qui l\u2019a class\u00e9 dans le \u201cgroupe 1\u201d des canc\u00e9rog\u00e8nes av\u00e9r\u00e9s pour l\u2019homme. Il a \u00e9galement \u00e9t\u00e9 d\u00e9montr\u00e9 qu\u2019elle avait des effets n\u00e9fastes sur la sant\u00e9 des adultes et des enfants, y compris &#8230;<\/p>\n","protected":false},"author":3,"featured_media":0,"parent":0,"menu_order":0,"comment_status":"closed","ping_status":"closed","template":"","meta":{"footnotes":""},"class_list":["post-3299","page","type-page","status-publish","hentry"],"_links":{"self":[{"href":"https:\/\/tackshs.eu\/index.php\/wp-json\/wp\/v2\/pages\/3299","targetHints":{"allow":["GET"]}}],"collection":[{"href":"https:\/\/tackshs.eu\/index.php\/wp-json\/wp\/v2\/pages"}],"about":[{"href":"https:\/\/tackshs.eu\/index.php\/wp-json\/wp\/v2\/types\/page"}],"author":[{"embeddable":true,"href":"https:\/\/tackshs.eu\/index.php\/wp-json\/wp\/v2\/users\/3"}],"replies":[{"embeddable":true,"href":"https:\/\/tackshs.eu\/index.php\/wp-json\/wp\/v2\/comments?post=3299"}],"version-history":[{"count":1,"href":"https:\/\/tackshs.eu\/index.php\/wp-json\/wp\/v2\/pages\/3299\/revisions"}],"predecessor-version":[{"id":3300,"href":"https:\/\/tackshs.eu\/index.php\/wp-json\/wp\/v2\/pages\/3299\/revisions\/3300"}],"wp:attachment":[{"href":"https:\/\/tackshs.eu\/index.php\/wp-json\/wp\/v2\/media?parent=3299"}],"curies":[{"name":"wp","href":"https:\/\/api.w.org\/{rel}","templated":true}]}}